{"id":8,"date":"2018-10-18T12:58:57","date_gmt":"2018-10-18T10:58:57","guid":{"rendered":"http:\/\/gitesdaure.fr\/?page_id=8"},"modified":"2023-01-13T13:19:34","modified_gmt":"2023-01-13T12:19:34","slug":"gites-d-aure","status":"publish","type":"page","link":"https:\/\/gitesdaure.fr\/","title":{"rendered":"Les G\u00eetes d&rsquo;Aure"},"content":{"rendered":"<p><script src=\"https:\/\/translate.google.com\/translate_a\/element.js?cb=googleTranslateElementInit\"><\/script><br \/>\n<script>\nfunction googleTranslateElementInit() {\n\tnew google.translate.TranslateElement({pageLanguage: 'fr'}, 'traduction');\n}\t\n<\/script><\/p>\n<style>\n.mydiv {\n     box-shadow : 10px 10px 10px #957492 ;\n     padding-left: 10px ;\n     padding-right: 10px;\n     padding-bottom: 15px;\n     width: 250px;\n}\n<\/style>\n\n\n\n<p><\/p>\n\n\n<div style=\"width: 100%;\">\n<div id=\"traduction\" style=\"float: right;\" class=\"mydiv\">\n<h5>Traduction<\/h5>\n<\/div>\n<\/div>\n\n\n\n<p>Un h\u00e9bergement ouvert toute l&rsquo;ann\u00e9e en gestion libre sur 2 g\u00eetes, possibilit\u00e9 de louer le g\u00eete <\/p>\n\n\n\n<p><strong>Alva 14 personnes<\/strong> et le g\u00eete <strong>Nolan 26 personnes<\/strong> ou la r\u00e9unification des 2, <strong>les g\u00eetes d&rsquo;Aure pour 40 personnes<\/strong>.<\/p>\n\n\n\n<p><strong>Nous ne louons pas \u00e0 la chambre, seulement le g\u00eete ou les g\u00eetes entier.<\/strong><\/p>\n\n\n\n<p>Plac\u00e9 au c\u0153ur d&rsquo;activit\u00e9s sportives et culturelles, les pistes de skis \u00e0 600 m\u00e8tres par t\u00e9l\u00e9cabines, les thermes \u00e0 la porte du g\u00eete. Les d\u00e9parts de randonn\u00e9es dans le parc naturel du N\u00e9ouvielle et de l&rsquo;Espagne.<\/p>\n\n\n\n<p>Circuits cyclistes sur les cols mythiques des Pyr\u00e9n\u00e9es.<\/p>\n\n\n\n<p>Etape du GR 10 pour les groupes de randonneurs.<\/p>\n\n\n\n<p>H\u00e9bergement dans un g\u00eete de 450 m\u00b2.<\/p>\n\n\n\n<p>Grande salle a manger, salle de bar, espace t\u00e9l\u00e9,&nbsp; wifi, 9 chambres.<\/p>\n\n\n\n<p>Et un g\u00eete de 150 m\u00b2, avec 6 chambres et une grande cuisine.<\/p>\n","protected":false},"excerpt":{"rendered":"<p>Un h\u00e9bergement ouvert toute l&rsquo;ann\u00e9e en gestion libre sur 2 g\u00eetes, possibilit\u00e9 de louer le g\u00eete Alva 14 personnes et le g\u00eete Nolan 26 personnes ou la r\u00e9unification des 2, les g\u00eetes d&rsquo;Aure pour 40 personnes. Nous ne louons pas \u00e0 la chambre, seulement le g\u00eete ou les g\u00eetes entier. Plac\u00e9 au c\u0153ur d&rsquo;activit\u00e9s sportives &hellip; <\/p>\n<p class=\"link-more\"><a href=\"https:\/\/gitesdaure.fr\/\" class=\"more-link\">Continuer la lecture<span class=\"screen-reader-text\"> de &laquo;&nbsp;Les G\u00eetes d&rsquo;Aure&nbsp;&raquo;<\/span><\/a><\/p>\n","protected":false},"author":1,"featured_media":371,"parent":0,"menu_order":0,"comment_status":"closed","ping_status":"closed","template":"","meta":{"ngg_post_thumbnail":0,"footnotes":""},"class_list":["post-8","page","type-page","status-publish","has-post-thumbnail","hentry"],"yoast_head":"<!-- This site is optimized with the Yoast SEO plugin v27.4 - https:\/\/yoast.com\/product\/yoast-seo-wordpress\/ -->\n<title>Les G\u00eetes d&#039;Aure - Les G\u00eetes d&#039;Aure<\/title>\n<meta name=\"description\" content=\"Dans les Hautes-Pyren\u00e9es proche de Saint-Lary aux pieds des montagnes, 14\/26\/40 personnes. Id\u00e9al pour grande famille, amis ou s\u00e9minaire pour le ski, v\u00e9lo\" \/>\n<meta name=\"robots\" content=\"index, follow, max-snippet:-1, max-image-preview:large, max-video-preview:-1\" \/>\n<link rel=\"canonical\" href=\"https:\/\/gitesdaure.fr\/\" \/>\n<meta property=\"og:locale\" content=\"fr_FR\" \/>\n<meta property=\"og:type\" content=\"article\" \/>\n<meta property=\"og:title\" content=\"Les G\u00eetes d&#039;Aure - Les G\u00eetes d&#039;Aure\" \/>\n<meta property=\"og:description\" content=\"Dans les Hautes-Pyren\u00e9es proche de Saint-Lary aux pieds des montagnes, 14\/26\/40 personnes. Id\u00e9al pour grande famille, amis ou s\u00e9minaire pour le ski, v\u00e9lo\" \/>\n<meta property=\"og:url\" content=\"https:\/\/gitesdaure.fr\/\" \/>\n<meta property=\"og:site_name\" content=\"Les G\u00eetes d&#039;Aure\" \/>\n<meta property=\"article:modified_time\" content=\"2023-01-13T12:19:34+00:00\" \/>\n<meta property=\"og:image\" content=\"https:\/\/gitesdaure.fr\/wp-content\/uploads\/2020\/04\/DSC_0657-scaled.jpg\" \/>\n\t<meta property=\"og:image:width\" content=\"2560\" \/>\n\t<meta property=\"og:image:height\" content=\"1714\" \/>\n\t<meta property=\"og:image:type\" content=\"image\/jpeg\" \/>\n<meta name=\"twitter:card\" content=\"summary_large_image\" \/>\n<meta name=\"twitter:label1\" content=\"Dur\u00e9e de lecture estim\u00e9e\" \/>\n\t<meta name=\"twitter:data1\" content=\"1 minute\" \/>\n<script type=\"application\/ld+json\" class=\"yoast-schema-graph\">{\"@context\":\"https:\\\/\\\/schema.org\",\"@graph\":[{\"@type\":\"WebPage\",\"@id\":\"https:\\\/\\\/gitesdaure.fr\\\/\",\"url\":\"https:\\\/\\\/gitesdaure.fr\\\/\",\"name\":\"Les G\u00eetes d'Aure - Les G\u00eetes d&#039;Aure\",\"isPartOf\":{\"@id\":\"https:\\\/\\\/gitesdaure.fr\\\/#website\"},\"primaryImageOfPage\":{\"@id\":\"https:\\\/\\\/gitesdaure.fr\\\/#primaryimage\"},\"image\":{\"@id\":\"https:\\\/\\\/gitesdaure.fr\\\/#primaryimage\"},\"thumbnailUrl\":\"https:\\\/\\\/gitesdaure.fr\\\/wp-content\\\/uploads\\\/2020\\\/04\\\/DSC_0657-scaled.jpg\",\"datePublished\":\"2018-10-18T10:58:57+00:00\",\"dateModified\":\"2023-01-13T12:19:34+00:00\",\"description\":\"Dans les Hautes-Pyren\u00e9es proche de Saint-Lary aux pieds des montagnes, 14\\\/26\\\/40 personnes. Id\u00e9al pour grande famille, amis ou s\u00e9minaire pour le ski, v\u00e9lo\",\"breadcrumb\":{\"@id\":\"https:\\\/\\\/gitesdaure.fr\\\/#breadcrumb\"},\"inLanguage\":\"fr-FR\",\"potentialAction\":[{\"@type\":\"ReadAction\",\"target\":[\"https:\\\/\\\/gitesdaure.fr\\\/\"]}]},{\"@type\":\"ImageObject\",\"inLanguage\":\"fr-FR\",\"@id\":\"https:\\\/\\\/gitesdaure.fr\\\/#primaryimage\",\"url\":\"https:\\\/\\\/gitesdaure.fr\\\/wp-content\\\/uploads\\\/2020\\\/04\\\/DSC_0657-scaled.jpg\",\"contentUrl\":\"https:\\\/\\\/gitesdaure.fr\\\/wp-content\\\/uploads\\\/2020\\\/04\\\/DSC_0657-scaled.jpg\",\"width\":2560,\"height\":1714,\"caption\":\"Jardin\"},{\"@type\":\"BreadcrumbList\",\"@id\":\"https:\\\/\\\/gitesdaure.fr\\\/#breadcrumb\",\"itemListElement\":[{\"@type\":\"ListItem\",\"position\":1,\"name\":\"Accueil\",\"item\":\"https:\\\/\\\/gitesdaure.fr\\\/\"},{\"@type\":\"ListItem\",\"position\":2,\"name\":\"Les G\u00eetes d&rsquo;Aure\"}]},{\"@type\":\"WebSite\",\"@id\":\"https:\\\/\\\/gitesdaure.fr\\\/#website\",\"url\":\"https:\\\/\\\/gitesdaure.fr\\\/\",\"name\":\"G\u00eetes de Groupe - Les g\u00eetes d'Aure\",\"description\":\"Une invitation aux vacances en groupe dans une vall\u00e9e authentique qui est la vall\u00e9e d&#039;Aure\",\"potentialAction\":[{\"@type\":\"SearchAction\",\"target\":{\"@type\":\"EntryPoint\",\"urlTemplate\":\"https:\\\/\\\/gitesdaure.fr\\\/?s={search_term_string}\"},\"query-input\":{\"@type\":\"PropertyValueSpecification\",\"valueRequired\":true,\"valueName\":\"search_term_string\"}}],\"inLanguage\":\"fr-FR\"}]}<\/script>\n<!-- \/ Yoast SEO plugin. -->","yoast_head_json":{"title":"Les G\u00eetes d'Aure - Les G\u00eetes d&#039;Aure","description":"Dans les Hautes-Pyren\u00e9es proche de Saint-Lary aux pieds des montagnes, 14\/26\/40 personnes. Id\u00e9al pour grande famille, amis ou s\u00e9minaire pour le ski, v\u00e9lo","robots":{"index":"index","follow":"follow","max-snippet":"max-snippet:-1","max-image-preview":"max-image-preview:large","max-video-preview":"max-video-preview:-1"},"canonical":"https:\/\/gitesdaure.fr\/","og_locale":"fr_FR","og_type":"article","og_title":"Les G\u00eetes d'Aure - Les G\u00eetes d&#039;Aure","og_description":"Dans les Hautes-Pyren\u00e9es proche de Saint-Lary aux pieds des montagnes, 14\/26\/40 personnes. Id\u00e9al pour grande famille, amis ou s\u00e9minaire pour le ski, v\u00e9lo","og_url":"https:\/\/gitesdaure.fr\/","og_site_name":"Les G\u00eetes d&#039;Aure","article_modified_time":"2023-01-13T12:19:34+00:00","og_image":[{"width":2560,"height":1714,"url":"https:\/\/gitesdaure.fr\/wp-content\/uploads\/2020\/04\/DSC_0657-scaled.jpg","type":"image\/jpeg"}],"twitter_card":"summary_large_image","twitter_misc":{"Dur\u00e9e de lecture estim\u00e9e":"1 minute"},"schema":{"@context":"https:\/\/schema.org","@graph":[{"@type":"WebPage","@id":"https:\/\/gitesdaure.fr\/","url":"https:\/\/gitesdaure.fr\/","name":"Les G\u00eetes d'Aure - Les G\u00eetes d&#039;Aure","isPartOf":{"@id":"https:\/\/gitesdaure.fr\/#website"},"primaryImageOfPage":{"@id":"https:\/\/gitesdaure.fr\/#primaryimage"},"image":{"@id":"https:\/\/gitesdaure.fr\/#primaryimage"},"thumbnailUrl":"https:\/\/gitesdaure.fr\/wp-content\/uploads\/2020\/04\/DSC_0657-scaled.jpg","datePublished":"2018-10-18T10:58:57+00:00","dateModified":"2023-01-13T12:19:34+00:00","description":"Dans les Hautes-Pyren\u00e9es proche de Saint-Lary aux pieds des montagnes, 14\/26\/40 personnes. Id\u00e9al pour grande famille, amis ou s\u00e9minaire pour le ski, v\u00e9lo","breadcrumb":{"@id":"https:\/\/gitesdaure.fr\/#breadcrumb"},"inLanguage":"fr-FR","potentialAction":[{"@type":"ReadAction","target":["https:\/\/gitesdaure.fr\/"]}]},{"@type":"ImageObject","inLanguage":"fr-FR","@id":"https:\/\/gitesdaure.fr\/#primaryimage","url":"https:\/\/gitesdaure.fr\/wp-content\/uploads\/2020\/04\/DSC_0657-scaled.jpg","contentUrl":"https:\/\/gitesdaure.fr\/wp-content\/uploads\/2020\/04\/DSC_0657-scaled.jpg","width":2560,"height":1714,"caption":"Jardin"},{"@type":"BreadcrumbList","@id":"https:\/\/gitesdaure.fr\/#breadcrumb","itemListElement":[{"@type":"ListItem","position":1,"name":"Accueil","item":"https:\/\/gitesdaure.fr\/"},{"@type":"ListItem","position":2,"name":"Les G\u00eetes d&rsquo;Aure"}]},{"@type":"WebSite","@id":"https:\/\/gitesdaure.fr\/#website","url":"https:\/\/gitesdaure.fr\/","name":"G\u00eetes de Groupe - Les g\u00eetes d'Aure","description":"Une invitation aux vacances en groupe dans une vall\u00e9e authentique qui est la vall\u00e9e d&#039;Aure","potentialAction":[{"@type":"SearchAction","target":{"@type":"EntryPoint","urlTemplate":"https:\/\/gitesdaure.fr\/?s={search_term_string}"},"query-input":{"@type":"PropertyValueSpecification","valueRequired":true,"valueName":"search_term_string"}}],"inLanguage":"fr-FR"}]}},"_links":{"self":[{"href":"https:\/\/gitesdaure.fr\/index.php?rest_route=\/wp\/v2\/pages\/8","targetHints":{"allow":["GET"]}}],"collection":[{"href":"https:\/\/gitesdaure.fr\/index.php?rest_route=\/wp\/v2\/pages"}],"about":[{"href":"https:\/\/gitesdaure.fr\/index.php?rest_route=\/wp\/v2\/types\/page"}],"author":[{"embeddable":true,"href":"https:\/\/gitesdaure.fr\/index.php?rest_route=\/wp\/v2\/users\/1"}],"replies":[{"embeddable":true,"href":"https:\/\/gitesdaure.fr\/index.php?rest_route=%2Fwp%2Fv2%2Fcomments&post=8"}],"version-history":[{"count":57,"href":"https:\/\/gitesdaure.fr\/index.php?rest_route=\/wp\/v2\/pages\/8\/revisions"}],"predecessor-version":[{"id":4775,"href":"https:\/\/gitesdaure.fr\/index.php?rest_route=\/wp\/v2\/pages\/8\/revisions\/4775"}],"wp:featuredmedia":[{"embeddable":true,"href":"https:\/\/gitesdaure.fr\/index.php?rest_route=\/wp\/v2\/media\/371"}],"wp:attachment":[{"href":"https:\/\/gitesdaure.fr\/index.php?rest_route=%2Fwp%2Fv2%2Fmedia&parent=8"}],"curies":[{"name":"wp","href":"https:\/\/api.w.org\/{rel}","templated":true}]}}