{"id":19,"date":"2018-10-18T12:58:57","date_gmt":"2018-10-18T10:58:57","guid":{"rendered":"http:\/\/gitesdaure.fr\/?page_id=19"},"modified":"2020-09-14T21:36:44","modified_gmt":"2020-09-14T19:36:44","slug":"infos-pratiques","status":"publish","type":"page","link":"https:\/\/gitesdaure.fr\/?page_id=19","title":{"rendered":"Infos Pratiques"},"content":{"rendered":"<p align=\"LEFT\"><b>SAINT LARY<\/b><\/p>\n<p align=\"LEFT\"><strong>Saint-Lary,&nbsp;<\/strong>une grande station de ski pyr\u00e9n\u00e9enne \u00e0 la fois familiale et sportive.<\/p>\n<ul>\n<li>\n<p align=\"LEFT\">Le village reli\u00e9 au domaine skiable par t\u00e9l\u00e9ph\u00e9rique et t\u00e9l\u00e9cabine, offre l&rsquo;ambiance chaleureuse et authentique d&rsquo;un vrai village pyr\u00e9n\u00e9en aux portes de l&rsquo;Espagne.<\/p>\n<\/li>\n<\/ul>\n<p align=\"LEFT\"><strong>Le site&nbsp;:<\/strong><\/p>\n<ul>\n<li>\n<p align=\"LEFT\"><b>St Lary 1700 Pla d&rsquo;Adet<\/b>, espace pour les familles avec kidpark, jardin des neiges et piste de luge<\/p>\n<\/li>\n<li>\n<p align=\"LEFT\"><b>St Lary 1900 Espiaube<\/b>&nbsp;pour les amateurs de descente, avec une des plus longues pistes des Pyr\u00e9n\u00e9es (3km et 700m de d\u00e9nivel\u00e9e)<\/p>\n<\/li>\n<li>\n<p align=\"LEFT\"><b>St Lary 2400<\/b>&nbsp;pour les sensations en tout genre, avec son snowpark TOP LABEL<\/p>\n<\/li>\n<li>\n<p align=\"LEFT\"><b>Pour rider&nbsp;<\/b>en toute libert\u00e9 :<br \/>\n<strong>1 snowpark labellis\u00e9 TOP LABEL par l&rsquo;A.F.S&nbsp;<\/strong>: Aires freestyle \u00ab Pro \u00bb, et modules adapt\u00e9s \u00e0 tous les niveaux pour \u00e9voluer et progresser en toute s\u00e9curit\u00e9. Nombreux modules et rails, remont\u00e9e m\u00e9canique d\u00e9di\u00e9e, sonorisation.<br \/>\nConcept DC Live Park (gratuit) pour filmer et partager ses exploits sur les r\u00e9seaux sociaux.<br \/>\n<strong>La DeLeRue&rsquo;s Line&nbsp;<\/strong>: Boardercross ludique et s\u00e9curis\u00e9, adapt\u00e9 \u00e0 tous les niveaux parrain\u00e9 par les fr\u00e8res De Le Rue (piste bleue).<\/p>\n<\/li>\n<li>\n<p align=\"LEFT\"><b>Pour les jeunes glisseurs<\/b>&nbsp;:<br \/>\n<strong>1 espace d\u00e9butants et familles<\/strong>&nbsp;avec 2 tapis couverts, un kidpark (espace de glisse ludique), des pistes vertes, le Donjon des neiges (espace de d\u00e9couverte des premi\u00e8res glisses), pistes de luge, larges espaces pi\u00e9tons<\/p>\n<\/li>\n<\/ul>\n","protected":false},"excerpt":{"rendered":"<p>SAINT LARY Saint-Lary,&nbsp;une grande station de ski pyr\u00e9n\u00e9enne \u00e0 la fois familiale et sportive. Le village reli\u00e9 au domaine skiable par t\u00e9l\u00e9ph\u00e9rique et t\u00e9l\u00e9cabine, offre l&rsquo;ambiance chaleureuse et authentique d&rsquo;un vrai village pyr\u00e9n\u00e9en aux portes de l&rsquo;Espagne. Le site&nbsp;: St Lary 1700 Pla d&rsquo;Adet, espace pour les familles avec kidpark, jardin des neiges et piste &hellip; <\/p>\n<p class=\"link-more\"><a href=\"https:\/\/gitesdaure.fr\/?page_id=19\" class=\"more-link\">Continuer la lecture<span class=\"screen-reader-text\"> de &laquo;&nbsp;Infos Pratiques&nbsp;&raquo;<\/span><\/a><\/p>\n","protected":false},"author":1,"featured_media":0,"parent":0,"menu_order":0,"comment_status":"closed","ping_status":"closed","template":"","meta":{"ngg_post_thumbnail":0,"footnotes":""},"class_list":["post-19","page","type-page","status-publish","hentry"],"yoast_head":"<!-- This site is optimized with the Yoast SEO plugin v27.4 - https:\/\/yoast.com\/product\/yoast-seo-wordpress\/ -->\n<title>Infos Pratiques - Les G\u00eetes d&#039;Aure<\/title>\n<meta name=\"description\" content=\"Dans les Hautes-Pyren\u00e9es proche de Saint-Lary aux pieds des montagnes, 14\/26\/40 personnes. Id\u00e9al pour grande famille, amis ou s\u00e9minaire pour le ski, v\u00e9lo\" \/>\n<meta name=\"robots\" content=\"index, follow, max-snippet:-1, max-image-preview:large, max-video-preview:-1\" \/>\n<link rel=\"canonical\" href=\"https:\/\/gitesdaure.fr\/?page_id=19\" \/>\n<meta property=\"og:locale\" content=\"fr_FR\" \/>\n<meta property=\"og:type\" content=\"article\" \/>\n<meta property=\"og:title\" content=\"Infos Pratiques - Les G\u00eetes d&#039;Aure\" \/>\n<meta property=\"og:description\" content=\"Dans les Hautes-Pyren\u00e9es proche de Saint-Lary aux pieds des montagnes, 14\/26\/40 personnes. Id\u00e9al pour grande famille, amis ou s\u00e9minaire pour le ski, v\u00e9lo\" \/>\n<meta property=\"og:url\" content=\"https:\/\/gitesdaure.fr\/?page_id=19\" \/>\n<meta property=\"og:site_name\" content=\"Les G\u00eetes d&#039;Aure\" \/>\n<meta property=\"article:modified_time\" content=\"2020-09-14T19:36:44+00:00\" \/>\n<meta name=\"twitter:card\" content=\"summary_large_image\" \/>\n<meta name=\"twitter:label1\" content=\"Dur\u00e9e de lecture estim\u00e9e\" \/>\n\t<meta name=\"twitter:data1\" content=\"1 minute\" \/>\n<script type=\"application\/ld+json\" class=\"yoast-schema-graph\">{\"@context\":\"https:\\\/\\\/schema.org\",\"@graph\":[{\"@type\":\"WebPage\",\"@id\":\"https:\\\/\\\/gitesdaure.fr\\\/?page_id=19\",\"url\":\"https:\\\/\\\/gitesdaure.fr\\\/?page_id=19\",\"name\":\"Infos Pratiques - Les G\u00eetes d&#039;Aure\",\"isPartOf\":{\"@id\":\"https:\\\/\\\/gitesdaure.fr\\\/#website\"},\"datePublished\":\"2018-10-18T10:58:57+00:00\",\"dateModified\":\"2020-09-14T19:36:44+00:00\",\"description\":\"Dans les Hautes-Pyren\u00e9es proche de Saint-Lary aux pieds des montagnes, 14\\\/26\\\/40 personnes. Id\u00e9al pour grande famille, amis ou s\u00e9minaire pour le ski, v\u00e9lo\",\"breadcrumb\":{\"@id\":\"https:\\\/\\\/gitesdaure.fr\\\/?page_id=19#breadcrumb\"},\"inLanguage\":\"fr-FR\",\"potentialAction\":[{\"@type\":\"ReadAction\",\"target\":[\"https:\\\/\\\/gitesdaure.fr\\\/?page_id=19\"]}]},{\"@type\":\"BreadcrumbList\",\"@id\":\"https:\\\/\\\/gitesdaure.fr\\\/?page_id=19#breadcrumb\",\"itemListElement\":[{\"@type\":\"ListItem\",\"position\":1,\"name\":\"Accueil\",\"item\":\"https:\\\/\\\/gitesdaure.fr\\\/\"},{\"@type\":\"ListItem\",\"position\":2,\"name\":\"Infos Pratiques\"}]},{\"@type\":\"WebSite\",\"@id\":\"https:\\\/\\\/gitesdaure.fr\\\/#website\",\"url\":\"https:\\\/\\\/gitesdaure.fr\\\/\",\"name\":\"G\u00eetes de Groupe - Les g\u00eetes d'Aure\",\"description\":\"Une invitation aux vacances en groupe dans une vall\u00e9e authentique qui est la vall\u00e9e d&#039;Aure\",\"potentialAction\":[{\"@type\":\"SearchAction\",\"target\":{\"@type\":\"EntryPoint\",\"urlTemplate\":\"https:\\\/\\\/gitesdaure.fr\\\/?s={search_term_string}\"},\"query-input\":{\"@type\":\"PropertyValueSpecification\",\"valueRequired\":true,\"valueName\":\"search_term_string\"}}],\"inLanguage\":\"fr-FR\"}]}<\/script>\n<!-- \/ Yoast SEO plugin. -->","yoast_head_json":{"title":"Infos Pratiques - Les G\u00eetes d&#039;Aure","description":"Dans les Hautes-Pyren\u00e9es proche de Saint-Lary aux pieds des montagnes, 14\/26\/40 personnes. Id\u00e9al pour grande famille, amis ou s\u00e9minaire pour le ski, v\u00e9lo","robots":{"index":"index","follow":"follow","max-snippet":"max-snippet:-1","max-image-preview":"max-image-preview:large","max-video-preview":"max-video-preview:-1"},"canonical":"https:\/\/gitesdaure.fr\/?page_id=19","og_locale":"fr_FR","og_type":"article","og_title":"Infos Pratiques - Les G\u00eetes d&#039;Aure","og_description":"Dans les Hautes-Pyren\u00e9es proche de Saint-Lary aux pieds des montagnes, 14\/26\/40 personnes. Id\u00e9al pour grande famille, amis ou s\u00e9minaire pour le ski, v\u00e9lo","og_url":"https:\/\/gitesdaure.fr\/?page_id=19","og_site_name":"Les G\u00eetes d&#039;Aure","article_modified_time":"2020-09-14T19:36:44+00:00","twitter_card":"summary_large_image","twitter_misc":{"Dur\u00e9e de lecture estim\u00e9e":"1 minute"},"schema":{"@context":"https:\/\/schema.org","@graph":[{"@type":"WebPage","@id":"https:\/\/gitesdaure.fr\/?page_id=19","url":"https:\/\/gitesdaure.fr\/?page_id=19","name":"Infos Pratiques - Les G\u00eetes d&#039;Aure","isPartOf":{"@id":"https:\/\/gitesdaure.fr\/#website"},"datePublished":"2018-10-18T10:58:57+00:00","dateModified":"2020-09-14T19:36:44+00:00","description":"Dans les Hautes-Pyren\u00e9es proche de Saint-Lary aux pieds des montagnes, 14\/26\/40 personnes. Id\u00e9al pour grande famille, amis ou s\u00e9minaire pour le ski, v\u00e9lo","breadcrumb":{"@id":"https:\/\/gitesdaure.fr\/?page_id=19#breadcrumb"},"inLanguage":"fr-FR","potentialAction":[{"@type":"ReadAction","target":["https:\/\/gitesdaure.fr\/?page_id=19"]}]},{"@type":"BreadcrumbList","@id":"https:\/\/gitesdaure.fr\/?page_id=19#breadcrumb","itemListElement":[{"@type":"ListItem","position":1,"name":"Accueil","item":"https:\/\/gitesdaure.fr\/"},{"@type":"ListItem","position":2,"name":"Infos Pratiques"}]},{"@type":"WebSite","@id":"https:\/\/gitesdaure.fr\/#website","url":"https:\/\/gitesdaure.fr\/","name":"G\u00eetes de Groupe - Les g\u00eetes d'Aure","description":"Une invitation aux vacances en groupe dans une vall\u00e9e authentique qui est la vall\u00e9e d&#039;Aure","potentialAction":[{"@type":"SearchAction","target":{"@type":"EntryPoint","urlTemplate":"https:\/\/gitesdaure.fr\/?s={search_term_string}"},"query-input":{"@type":"PropertyValueSpecification","valueRequired":true,"valueName":"search_term_string"}}],"inLanguage":"fr-FR"}]}},"_links":{"self":[{"href":"https:\/\/gitesdaure.fr\/index.php?rest_route=\/wp\/v2\/pages\/19","targetHints":{"allow":["GET"]}}],"collection":[{"href":"https:\/\/gitesdaure.fr\/index.php?rest_route=\/wp\/v2\/pages"}],"about":[{"href":"https:\/\/gitesdaure.fr\/index.php?rest_route=\/wp\/v2\/types\/page"}],"author":[{"embeddable":true,"href":"https:\/\/gitesdaure.fr\/index.php?rest_route=\/wp\/v2\/users\/1"}],"replies":[{"embeddable":true,"href":"https:\/\/gitesdaure.fr\/index.php?rest_route=%2Fwp%2Fv2%2Fcomments&post=19"}],"version-history":[{"count":10,"href":"https:\/\/gitesdaure.fr\/index.php?rest_route=\/wp\/v2\/pages\/19\/revisions"}],"predecessor-version":[{"id":599,"href":"https:\/\/gitesdaure.fr\/index.php?rest_route=\/wp\/v2\/pages\/19\/revisions\/599"}],"wp:attachment":[{"href":"https:\/\/gitesdaure.fr\/index.php?rest_route=%2Fwp%2Fv2%2Fmedia&parent=19"}],"curies":[{"name":"wp","href":"https:\/\/api.w.org\/{rel}","templated":true}]}}